{"id":10,"date":"2025-07-02T00:56:39","date_gmt":"2025-07-02T03:56:39","guid":{"rendered":"https:\/\/tierrasanta.com.ar\/TS\/?page_id=10"},"modified":"2025-07-17T21:07:49","modified_gmt":"2025-07-18T00:07:49","slug":"circuito","status":"publish","type":"page","link":"https:\/\/tierrasanta.com.ar\/ts\/circuito\/","title":{"rendered":"Circuito del Parque"},"content":{"rendered":"<h3>Atracciones para toda la familia<\/h3>\n<p>El recorrido del parque incluye varias atraccciones animadas como La Creaci\u00f3n, El Pesebre, La \u00faltima Cena y La Resurrecci\u00f3n, junto a notables representaciones del Muro de los Lamentos, el V\u00eda Crucis, el Palacio Romano y la Gruta de V\u00edrgenes y Santos. La fiel arquitectura, la ambientaci\u00f3n a escala real y el personal vestido con atuendos t\u00edpicos, otorgan un marco m\u00edstico al paseo.<\/p>\n","protected":false},"excerpt":{"rendered":"<p>Atracciones para toda la familia El recorrido del parque incluye varias atraccciones animadas como La Creaci\u00f3n, El Pesebre, La \u00faltima Cena y La Resurrecci\u00f3n, junto a notables representaciones del Muro de los Lamentos, el V\u00eda Crucis, el Palacio Romano y la Gruta de V\u00edrgenes y Santos. La fiel arquitectura, la ambientaci\u00f3n a escala real y [&hellip;]<\/p>\n","protected":false},"author":1,"featured_media":0,"parent":0,"menu_order":0,"comment_status":"closed","ping_status":"closed","template":"page-contenido-circuito.php","meta":{"_acf_changed":false,"footnotes":""},"class_list":["post-10","page","type-page","status-publish","hentry"],"acf":[],"yoast_head":"<!-- This site is optimized with the Yoast SEO plugin v27.6 - https:\/\/yoast.com\/product\/yoast-seo-wordpress\/ -->\n<title>Tierra Santa | Circuito del Parque<\/title>\n<meta name=\"description\" content=\"Atracciones para toda la familia El recorrido del parque incluye varias atraccciones animadas como La Creaci\u00f3n, El Pesebre, La \u00faltima Cena y La | Tierra Santa\" \/>\n<meta name=\"robots\" content=\"index, follow, max-snippet:-1, max-image-preview:large, max-video-preview:-1\" \/>\n<link rel=\"canonical\" href=\"https:\/\/tierrasanta.com.ar\/ts\/circuito\/\" \/>\n<meta property=\"og:locale\" content=\"es_ES\" \/>\n<meta property=\"og:type\" content=\"article\" \/>\n<meta property=\"og:title\" content=\"Tierra Santa | Circuito del Parque\" \/>\n<meta property=\"og:description\" content=\"Atracciones para toda la familia El recorrido del parque incluye varias atraccciones animadas como La Creaci\u00f3n, El Pesebre, La \u00faltima Cena y La | Tierra Santa\" \/>\n<meta property=\"og:url\" content=\"https:\/\/tierrasanta.com.ar\/ts\/circuito\/\" \/>\n<meta property=\"og:site_name\" content=\"Tierra Santa\" \/>\n<meta property=\"article:publisher\" content=\"https:\/\/www.facebook.com\/TierraSantaBA\" \/>\n<meta property=\"article:modified_time\" content=\"2025-07-18T00:07:49+00:00\" \/>\n<meta property=\"og:image\" content=\"https:\/\/tierrasanta.com.ar\/ts\/wp-content\/uploads\/2025\/07\/foto-SEO-yoast-atardecer.jpg\" \/>\n\t<meta property=\"og:image:width\" content=\"1200\" \/>\n\t<meta property=\"og:image:height\" content=\"675\" \/>\n\t<meta property=\"og:image:type\" content=\"image\/jpeg\" \/>\n<meta name=\"twitter:card\" content=\"summary_large_image\" \/>\n<meta name=\"twitter:site\" content=\"@TierraSantaBA\" \/>\n<meta name=\"twitter:label1\" content=\"Tiempo de lectura\" \/>\n\t<meta name=\"twitter:data1\" content=\"1 minuto\" \/>\n<script type=\"application\/ld+json\" class=\"yoast-schema-graph\">{\"@context\":\"https:\\\/\\\/schema.org\",\"@graph\":[{\"@type\":\"WebPage\",\"@id\":\"https:\\\/\\\/tierrasanta.com.ar\\\/ts\\\/circuito\\\/\",\"url\":\"https:\\\/\\\/tierrasanta.com.ar\\\/ts\\\/circuito\\\/\",\"name\":\"Tierra Santa | Circuito del Parque\",\"isPartOf\":{\"@id\":\"https:\\\/\\\/tierrasanta.com.ar\\\/ts\\\/#website\"},\"datePublished\":\"2025-07-02T03:56:39+00:00\",\"dateModified\":\"2025-07-18T00:07:49+00:00\",\"description\":\"Atracciones para toda la familia El recorrido del parque incluye varias atraccciones animadas como La Creaci\u00f3n, El Pesebre, La \u00faltima Cena y La | Tierra Santa\",\"breadcrumb\":{\"@id\":\"https:\\\/\\\/tierrasanta.com.ar\\\/ts\\\/circuito\\\/#breadcrumb\"},\"inLanguage\":\"es-AR\",\"potentialAction\":[{\"@type\":\"ReadAction\",\"target\":[\"https:\\\/\\\/tierrasanta.com.ar\\\/ts\\\/circuito\\\/\"]}]},{\"@type\":\"BreadcrumbList\",\"@id\":\"https:\\\/\\\/tierrasanta.com.ar\\\/ts\\\/circuito\\\/#breadcrumb\",\"itemListElement\":[{\"@type\":\"ListItem\",\"position\":1,\"name\":\"Inicio\",\"item\":\"https:\\\/\\\/tierrasanta.com.ar\\\/ts\\\/\"},{\"@type\":\"ListItem\",\"position\":2,\"name\":\"Circuito del Parque\"}]},{\"@type\":\"WebSite\",\"@id\":\"https:\\\/\\\/tierrasanta.com.ar\\\/ts\\\/#website\",\"url\":\"https:\\\/\\\/tierrasanta.com.ar\\\/ts\\\/\",\"name\":\"TierraSanta.com.ar\",\"description\":\"Parque Tem\u00e1tico Religioso\",\"publisher\":{\"@id\":\"https:\\\/\\\/tierrasanta.com.ar\\\/ts\\\/#organization\"},\"alternateName\":\"Tierra Santa\",\"potentialAction\":[{\"@type\":\"SearchAction\",\"target\":{\"@type\":\"EntryPoint\",\"urlTemplate\":\"https:\\\/\\\/tierrasanta.com.ar\\\/ts\\\/?s={search_term_string}\"},\"query-input\":{\"@type\":\"PropertyValueSpecification\",\"valueRequired\":true,\"valueName\":\"search_term_string\"}}],\"inLanguage\":\"es-AR\"},{\"@type\":\"Organization\",\"@id\":\"https:\\\/\\\/tierrasanta.com.ar\\\/ts\\\/#organization\",\"name\":\"Tierra Santa - Parque Tem\u00e1tico Religioso\",\"alternateName\":\"Tierra Santa\",\"url\":\"https:\\\/\\\/tierrasanta.com.ar\\\/ts\\\/\",\"logo\":{\"@type\":\"ImageObject\",\"inLanguage\":\"es-AR\",\"@id\":\"https:\\\/\\\/tierrasanta.com.ar\\\/ts\\\/#\\\/schema\\\/logo\\\/image\\\/\",\"url\":\"https:\\\/\\\/tierrasanta.com.ar\\\/ts\\\/wp-content\\\/uploads\\\/2025\\\/07\\\/TS-logo_favicon.png\",\"contentUrl\":\"https:\\\/\\\/tierrasanta.com.ar\\\/ts\\\/wp-content\\\/uploads\\\/2025\\\/07\\\/TS-logo_favicon.png\",\"width\":1080,\"height\":1080,\"caption\":\"Tierra Santa - Parque Tem\u00e1tico Religioso\"},\"image\":{\"@id\":\"https:\\\/\\\/tierrasanta.com.ar\\\/ts\\\/#\\\/schema\\\/logo\\\/image\\\/\"},\"sameAs\":[\"https:\\\/\\\/www.facebook.com\\\/TierraSantaBA\",\"https:\\\/\\\/x.com\\\/TierraSantaBA\",\"https:\\\/\\\/www.instagram.com\\\/TierraSantaBA\",\"https:\\\/\\\/www.youtube.com\\\/@tierrasanta1381\"]}]}<\/script>\n<!-- \/ Yoast SEO plugin. -->","yoast_head_json":{"title":"Tierra Santa | Circuito del Parque","description":"Atracciones para toda la familia El recorrido del parque incluye varias atraccciones animadas como La Creaci\u00f3n, El Pesebre, La \u00faltima Cena y La | Tierra Santa","robots":{"index":"index","follow":"follow","max-snippet":"max-snippet:-1","max-image-preview":"max-image-preview:large","max-video-preview":"max-video-preview:-1"},"canonical":"https:\/\/tierrasanta.com.ar\/ts\/circuito\/","og_locale":"es_ES","og_type":"article","og_title":"Tierra Santa | Circuito del Parque","og_description":"Atracciones para toda la familia El recorrido del parque incluye varias atraccciones animadas como La Creaci\u00f3n, El Pesebre, La \u00faltima Cena y La | Tierra Santa","og_url":"https:\/\/tierrasanta.com.ar\/ts\/circuito\/","og_site_name":"Tierra Santa","article_publisher":"https:\/\/www.facebook.com\/TierraSantaBA","article_modified_time":"2025-07-18T00:07:49+00:00","og_image":[{"width":1200,"height":675,"url":"https:\/\/tierrasanta.com.ar\/ts\/wp-content\/uploads\/2025\/07\/foto-SEO-yoast-atardecer.jpg","type":"image\/jpeg"}],"twitter_card":"summary_large_image","twitter_site":"@TierraSantaBA","twitter_misc":{"Tiempo de lectura":"1 minuto"},"schema":{"@context":"https:\/\/schema.org","@graph":[{"@type":"WebPage","@id":"https:\/\/tierrasanta.com.ar\/ts\/circuito\/","url":"https:\/\/tierrasanta.com.ar\/ts\/circuito\/","name":"Tierra Santa | Circuito del Parque","isPartOf":{"@id":"https:\/\/tierrasanta.com.ar\/ts\/#website"},"datePublished":"2025-07-02T03:56:39+00:00","dateModified":"2025-07-18T00:07:49+00:00","description":"Atracciones para toda la familia El recorrido del parque incluye varias atraccciones animadas como La Creaci\u00f3n, El Pesebre, La \u00faltima Cena y La | Tierra Santa","breadcrumb":{"@id":"https:\/\/tierrasanta.com.ar\/ts\/circuito\/#breadcrumb"},"inLanguage":"es-AR","potentialAction":[{"@type":"ReadAction","target":["https:\/\/tierrasanta.com.ar\/ts\/circuito\/"]}]},{"@type":"BreadcrumbList","@id":"https:\/\/tierrasanta.com.ar\/ts\/circuito\/#breadcrumb","itemListElement":[{"@type":"ListItem","position":1,"name":"Inicio","item":"https:\/\/tierrasanta.com.ar\/ts\/"},{"@type":"ListItem","position":2,"name":"Circuito del Parque"}]},{"@type":"WebSite","@id":"https:\/\/tierrasanta.com.ar\/ts\/#website","url":"https:\/\/tierrasanta.com.ar\/ts\/","name":"TierraSanta.com.ar","description":"Parque Tem\u00e1tico Religioso","publisher":{"@id":"https:\/\/tierrasanta.com.ar\/ts\/#organization"},"alternateName":"Tierra Santa","potentialAction":[{"@type":"SearchAction","target":{"@type":"EntryPoint","urlTemplate":"https:\/\/tierrasanta.com.ar\/ts\/?s={search_term_string}"},"query-input":{"@type":"PropertyValueSpecification","valueRequired":true,"valueName":"search_term_string"}}],"inLanguage":"es-AR"},{"@type":"Organization","@id":"https:\/\/tierrasanta.com.ar\/ts\/#organization","name":"Tierra Santa - Parque Tem\u00e1tico Religioso","alternateName":"Tierra Santa","url":"https:\/\/tierrasanta.com.ar\/ts\/","logo":{"@type":"ImageObject","inLanguage":"es-AR","@id":"https:\/\/tierrasanta.com.ar\/ts\/#\/schema\/logo\/image\/","url":"https:\/\/tierrasanta.com.ar\/ts\/wp-content\/uploads\/2025\/07\/TS-logo_favicon.png","contentUrl":"https:\/\/tierrasanta.com.ar\/ts\/wp-content\/uploads\/2025\/07\/TS-logo_favicon.png","width":1080,"height":1080,"caption":"Tierra Santa - Parque Tem\u00e1tico Religioso"},"image":{"@id":"https:\/\/tierrasanta.com.ar\/ts\/#\/schema\/logo\/image\/"},"sameAs":["https:\/\/www.facebook.com\/TierraSantaBA","https:\/\/x.com\/TierraSantaBA","https:\/\/www.instagram.com\/TierraSantaBA","https:\/\/www.youtube.com\/@tierrasanta1381"]}]}},"_links":{"self":[{"href":"https:\/\/tierrasanta.com.ar\/ts\/wp-json\/wp\/v2\/pages\/10","targetHints":{"allow":["GET"]}}],"collection":[{"href":"https:\/\/tierrasanta.com.ar\/ts\/wp-json\/wp\/v2\/pages"}],"about":[{"href":"https:\/\/tierrasanta.com.ar\/ts\/wp-json\/wp\/v2\/types\/page"}],"author":[{"embeddable":true,"href":"https:\/\/tierrasanta.com.ar\/ts\/wp-json\/wp\/v2\/users\/1"}],"replies":[{"embeddable":true,"href":"https:\/\/tierrasanta.com.ar\/ts\/wp-json\/wp\/v2\/comments?post=10"}],"version-history":[{"count":5,"href":"https:\/\/tierrasanta.com.ar\/ts\/wp-json\/wp\/v2\/pages\/10\/revisions"}],"predecessor-version":[{"id":122,"href":"https:\/\/tierrasanta.com.ar\/ts\/wp-json\/wp\/v2\/pages\/10\/revisions\/122"}],"wp:attachment":[{"href":"https:\/\/tierrasanta.com.ar\/ts\/wp-json\/wp\/v2\/media?parent=10"}],"curies":[{"name":"wp","href":"https:\/\/api.w.org\/{rel}","templated":true}]}}